{"id":25401,"date":"2020-09-16T05:08:36","date_gmt":"2020-09-16T05:08:36","guid":{"rendered":"https:\/\/virko-online.com\/?page_id=25401"},"modified":"2025-06-20T14:02:45","modified_gmt":"2025-06-20T12:02:45","slug":"about","status":"publish","type":"page","link":"https:\/\/virko-online.com\/?page_id=25401","title":{"rendered":"\u00fcber"},"content":{"rendered":"\n<div class=\"wp-block-cover alignfull is-light has-base-color has-text-color has-link-color wp-elements-6de32cba1edfa8cbebb95b1dd10427fb\" style=\"margin-top:0;margin-bottom:0;padding-top:var(--wp--preset--spacing--80);padding-right:var(--wp--preset--spacing--60);padding-bottom:var(--wp--preset--spacing--80);padding-left:var(--wp--preset--spacing--60)\"><span aria-hidden=\"true\" class=\"wp-block-cover__background has-accent-3-background-color has-background-dim-100 has-background-dim\"><\/span><div class=\"wp-block-cover__inner-container has-global-padding is-layout-constrained wp-container-core-cover-is-layout-ba520a6b wp-block-cover-is-layout-constrained\">\n<div class=\"wp-block-columns alignwide are-vertically-aligned-bottom is-layout-flex wp-container-core-columns-is-layout-d0b3c9c8 wp-block-columns-is-layout-flex\">\n<div class=\"wp-block-column is-vertically-aligned-bottom is-layout-flow wp-block-column-is-layout-flow\">\n<h3 class=\"wp-block-heading is-style-text-subtitle is-style-text-subtitle--1\">\u00fcber mich<\/h3>\n\n\n\n<h2 class=\"wp-block-heading is-style-text-display is-style-text-display--2\">Virko Kade<\/h2>\n\n\n\n<figure class=\"wp-block-image size-large\"><img loading=\"lazy\" decoding=\"async\" width=\"701\" height=\"1024\" src=\"https:\/\/virko-online.com\/wp-content\/uploads\/2025\/06\/virko2-701x1024.jpg\" alt=\"\" class=\"wp-image-28131\" style=\"aspect-ratio:1;object-fit:cover\" srcset=\"https:\/\/virko-online.com\/wp-content\/uploads\/2025\/06\/virko2-701x1024.jpg 701w, https:\/\/virko-online.com\/wp-content\/uploads\/2025\/06\/virko2-205x300.jpg 205w, https:\/\/virko-online.com\/wp-content\/uploads\/2025\/06\/virko2-768x1123.jpg 768w, https:\/\/virko-online.com\/wp-content\/uploads\/2025\/06\/virko2.jpg 810w\" sizes=\"auto, (max-width: 701px) 100vw, 701px\" \/><\/figure>\n<\/div>\n\n\n\n<div class=\"wp-block-column is-vertically-aligned-bottom is-layout-flow wp-block-column-is-layout-flow\">\n<p>&#8220;Mein Name ist Virko Kade. Ich bin in Norddeutschland aufgewachsen, lebe aber seit 1997 im S\u00fcdosten \u00d6sterreichs.<\/p>\n\n\n\n<p>Ich verstehe mich als Alchemist und Bewusstseinsforscher und bin au\u00dferdem seit etlichen Jahren in telepathischem Kontakt mit verschiedenen Wesenheiten, von denen ich Informationen, spirituelle \u00dcbungen aber bisweilen auch Baupl\u00e4ne bekommen.<\/p>\n\n\n\n<p>\u00dcber viele Jahre war ich hauptberuflich als Geomant t\u00e4tig und habe mich intensiv mit morphogenetischen Feldern befasst. Au\u00dferdem bin ich im Wald aufgewachsen (Forsthaus in Alleinlage \u2013 mein Vater war F\u00f6rster) und habe bis heute nie wirklich in einer Stadt gelebt. Dadurch habe ich mir sicher den ein oder anderen Umweg erspart!<\/p>\n\n\n\n<p>Seit 2017 gebe ich meine Erfahrungen in Form von Vortr\u00e4gen, Webinaren und Workshops (vor Ort und Online) weiter. Meine oberste Priorit\u00e4t dabei ist die Alltagstauglichkeit und dass die Teilnehmer ihre eigenen, pers\u00f6nlichen Erfahrungen machen k\u00f6nnen.&#8221;<\/p>\n<\/div>\n<\/div>\n<\/div><\/div>\n\n\n\n<div class=\"wp-block-buttons alignfull is-content-justification-center is-layout-flex wp-container-core-buttons-is-layout-c3d5205c wp-block-buttons-is-layout-flex\" style=\"border-radius:0px;margin-top:0;margin-bottom:0\">\n<div class=\"wp-block-button has-custom-width wp-block-button__width-100 is-style-fill\"><a class=\"wp-block-button__link has-accent-3-color has-accent-5-background-color has-text-color has-background has-link-color has-large-font-size has-custom-font-size wp-element-button\" href=\"https:\/\/virko-online.com\/?page_id=25403\" style=\"border-radius:0px;box-shadow:none\">&gt;&gt; Workshops, Webinare und mehr entdecken<\/a><\/div>\n<\/div>\n\n\n\n<div class=\"wp-block-cover alignfull is-light has-base-color has-text-color has-link-color wp-elements-8bf6de38d57ec9aebe99b474cd254e14\" style=\"margin-top:0;margin-bottom:0;padding-top:var(--wp--preset--spacing--80);padding-right:var(--wp--preset--spacing--60);padding-bottom:var(--wp--preset--spacing--80);padding-left:var(--wp--preset--spacing--60)\"><span aria-hidden=\"true\" class=\"wp-block-cover__background has-accent-3-background-color has-background-dim-100 has-background-dim\"><\/span><div class=\"wp-block-cover__inner-container has-global-padding is-layout-constrained wp-container-core-cover-is-layout-ba520a6b wp-block-cover-is-layout-constrained\">\n<h3 class=\"wp-block-heading has-text-align-center wp-embed-aspect-16-9 wp-has-aspect-ratio\">mehr erfahren<\/h3>\n\n\n\n<h2 class=\"wp-block-heading has-text-align-center wp-embed-aspect-16-9 wp-has-aspect-ratio\">Alchemie &amp; Bewusstsein<\/h2>\n\n\n\n<p class=\"has-text-align-center wp-embed-aspect-16-9 wp-has-aspect-ratio\">Hier findest du zwei Interviews, in denen du mehr \u00fcber Virko Kade, seinen Werdegang und seinen Zugang zu Alchemie und Bewusstseinsforschung erf\u00e4hrst.<\/p>\n\n\n\n<div style=\"height:var(--wp--preset--spacing--60)\" aria-hidden=\"true\" class=\"wp-block-spacer\"><\/div>\n\n\n\n<div class=\"wp-block-columns alignwide are-vertically-aligned-bottom is-layout-flex wp-container-core-columns-is-layout-d0b3c9c8 wp-block-columns-is-layout-flex\">\n<div class=\"wp-block-column is-vertically-aligned-bottom is-layout-flow wp-block-column-is-layout-flow\">\n<figure class=\"wp-block-embed is-type-video is-provider-youtube wp-block-embed-youtube wp-embed-aspect-16-9 wp-has-aspect-ratio\"><div class=\"wp-block-embed__wrapper\">\n\t\t<div class=\"embed-privacy-container is-disabled embed-youtube\" data-embed-id=\"oembed_c56e0d509ff8a867b5128f5ba0d13995\" data-embed-provider=\"youtube\" style=\"aspect-ratio: 500\/281;\">\t\t\t\t\t\t<button type=\"button\" class=\"embed-privacy-enable screen-reader-text\">\u201eVirko Kade &#8211; Alchemie und Bewusstsein\u201c von YouTube anzeigen<\/button>\t\t\t\t\t\t<div class=\"embed-privacy-overlay\">\t\t\t\t<div class=\"embed-privacy-inner\">\t\t\t\t\t<div class=\"embed-privacy-logo\" style=\"background-image: url(https:\/\/virko-online.com\/wp-content\/plugins\/embed-privacy\/assets\/images\/embed-youtube.png?ver=1770636071);\"><\/div>\t\t<p>\t\tHier klicken, um den Inhalt von YouTube anzuzeigen.\t\t\t\t\t<br>\t\t\t\t\tErfahre mehr in der <a href=\"https:\/\/policies.google.com\/privacy?hl=de\" target=\"_blank\">Datenschutzerkl\u00e4rung von YouTube<\/a>.\t\t<\/p>\t\t<p class=\"embed-privacy-input-wrapper\">\t\t\t<input id=\"embed-privacy-store-youtube-c56e0d509ff8a867b5128f5ba0d13995\" type=\"checkbox\" value=\"1\" class=\"embed-privacy-input\" data-embed-provider=\"youtube\">\t\t\t<label for=\"embed-privacy-store-youtube-c56e0d509ff8a867b5128f5ba0d13995\" class=\"embed-privacy-label\" data-embed-provider=\"youtube\">\t\t\t\tInhalt von YouTube immer anzeigen\t\t\t<\/label>\t\t<\/p>\t\t\t\t\t\t<\/div>\t\t\t\t\t\t\t\t<div class=\"embed-privacy-footer\"><span class=\"embed-privacy-url\"><a href=\"https:\/\/www.youtube.com\/watch?v=XfTWqXAn6-A\">\u201eVirko Kade &#8211; Alchemie und Bewusstsein\u201c direkt \u00f6ffnen<\/a><\/span><\/div>\t\t\t<\/div>\t\t\t\t\t\t<div class=\"embed-privacy-content\">\t\t\t\t<script>var _oembed_c56e0d509ff8a867b5128f5ba0d13995 = '{\\\"embed\\\":\\\"&lt;iframe title=&quot;Virko Kade - Alchemie und Bewusstsein&quot; width=&quot;500&quot; height=&quot;281&quot; src=&quot;https:\\\\\/\\\\\/www.youtube-nocookie.com\\\\\/embed\\\\\/XfTWqXAn6-A?feature=oembed&quot; frameborder=&quot;0&quot; allow=&quot;accelerometer; autoplay; clipboard-write; encrypted-media; gyroscope; picture-in-picture; web-share&quot; referrerpolicy=&quot;strict-origin-when-cross-origin&quot; allowfullscreen&gt;&lt;\\\\\/iframe&gt;\\\"}';<\/script>\t\t\t<\/div>\t\t<\/div>\t\t\n<\/div><\/figure>\n<\/div>\n\n\n\n<div class=\"wp-block-column is-vertically-aligned-bottom is-layout-flow wp-block-column-is-layout-flow\">\n<figure class=\"wp-block-embed is-type-video is-provider-youtube wp-block-embed-youtube wp-embed-aspect-16-9 wp-has-aspect-ratio\"><div class=\"wp-block-embed__wrapper\">\n\t\t<div class=\"embed-privacy-container is-disabled embed-youtube\" data-embed-id=\"oembed_f69b57326bee2cf8bf76fbc3c284ea48\" data-embed-provider=\"youtube\" style=\"aspect-ratio: 500\/281;\">\t\t\t\t\t\t<button type=\"button\" class=\"embed-privacy-enable screen-reader-text\">\u201eAlchemie Teil 1  | Virko Kade\u201c von YouTube anzeigen<\/button>\t\t\t\t\t\t<div class=\"embed-privacy-overlay\">\t\t\t\t<div class=\"embed-privacy-inner\">\t\t\t\t\t<div class=\"embed-privacy-logo\" style=\"background-image: url(https:\/\/virko-online.com\/wp-content\/plugins\/embed-privacy\/assets\/images\/embed-youtube.png?ver=1770636071);\"><\/div>\t\t<p>\t\tHier klicken, um den Inhalt von YouTube anzuzeigen.\t\t\t\t\t<br>\t\t\t\t\tErfahre mehr in der <a href=\"https:\/\/policies.google.com\/privacy?hl=de\" target=\"_blank\">Datenschutzerkl\u00e4rung von YouTube<\/a>.\t\t<\/p>\t\t<p class=\"embed-privacy-input-wrapper\">\t\t\t<input id=\"embed-privacy-store-youtube-f69b57326bee2cf8bf76fbc3c284ea48\" type=\"checkbox\" value=\"1\" class=\"embed-privacy-input\" data-embed-provider=\"youtube\">\t\t\t<label for=\"embed-privacy-store-youtube-f69b57326bee2cf8bf76fbc3c284ea48\" class=\"embed-privacy-label\" data-embed-provider=\"youtube\">\t\t\t\tInhalt von YouTube immer anzeigen\t\t\t<\/label>\t\t<\/p>\t\t\t\t\t\t<\/div>\t\t\t\t\t\t\t\t<div class=\"embed-privacy-footer\"><span class=\"embed-privacy-url\"><a href=\"https:\/\/www.youtube.com\/watch?v=UQ2q7Y3pmmQ\">\u201eAlchemie Teil 1  | Virko Kade\u201c direkt \u00f6ffnen<\/a><\/span><\/div>\t\t\t<\/div>\t\t\t\t\t\t<div class=\"embed-privacy-content\">\t\t\t\t<script>var _oembed_f69b57326bee2cf8bf76fbc3c284ea48 = '{\\\"embed\\\":\\\"&lt;iframe title=&quot;Alchemie Teil 1 | Virko Kade&quot; width=&quot;500&quot; height=&quot;281&quot; src=&quot;https:\\\\\/\\\\\/www.youtube-nocookie.com\\\\\/embed\\\\\/UQ2q7Y3pmmQ?feature=oembed&quot; frameborder=&quot;0&quot; allow=&quot;accelerometer; autoplay; clipboard-write; encrypted-media; gyroscope; picture-in-picture; web-share&quot; referrerpolicy=&quot;strict-origin-when-cross-origin&quot; allowfullscreen&gt;&lt;\\\\\/iframe&gt;\\\"}';<\/script>\t\t\t<\/div>\t\t<\/div>\t\t\n<\/div><\/figure>\n<\/div>\n<\/div>\n<\/div><\/div>\n\n\n\n<div class=\"wp-block-cover alignfull has-base-color has-text-color has-link-color wp-elements-3ad4c1e7e412e73b4a292c58aebbafee\" style=\"margin-top:0;margin-bottom:0;padding-top:var(--wp--preset--spacing--60);padding-right:var(--wp--preset--spacing--60);padding-bottom:var(--wp--preset--spacing--60);padding-left:var(--wp--preset--spacing--60)\"><span aria-hidden=\"true\" class=\"wp-block-cover__background has-accent-1-background-color has-background-dim-100 has-background-dim\"><\/span><div class=\"wp-block-cover__inner-container has-global-padding is-layout-constrained wp-container-core-cover-is-layout-19ac9bc1 wp-block-cover-is-layout-constrained\">\n<div class=\"wp-block-group alignfull is-style-default wp-elements-c6d47312e47065b410a9781706927a6d has-global-padding is-layout-constrained wp-block-group-is-layout-constrained\">\n<div class=\"wp-block-columns alignwide are-vertically-aligned-center is-layout-flex wp-container-core-columns-is-layout-d0b3c9c8 wp-block-columns-is-layout-flex\">\n<div class=\"wp-block-column is-vertically-aligned-center is-layout-flow wp-block-column-is-layout-flow\" style=\"flex-basis:33.33%\">\n<p>&#8220;Plasma-Pavillon&#8221; ist eine Webinar-Reihe, bei der du Virko live auf Zoom begegnen und auch Fragen stellen kannst. (Gerne auch schon vorab per <a href=\"mailto:info@virko-online.com\">Email<\/a>!)<\/p>\n\n\n\n<p>Alle Plasma-Pavillion-Webinare kannst du auch kostenlos im Archiv abrufen. Einmal anmelden gen\u00fcgt, schon stehen dir alle Inhalte zur Verf\u00fcgung: <a href=\"https:\/\/virko-online.com\/?sfwd-courses=alchemie-vortrag-2\">&gt;&gt;hier<\/a><\/p>\n<\/div>\n\n\n\n<div class=\"wp-block-column is-vertically-aligned-center has-border-color has-contrast-color has-accent-5-background-color has-text-color has-background has-link-color wp-elements-1c719d7d5874674c67d317271ec792db is-layout-flow wp-block-column-is-layout-flow\" style=\"border-color:#FFFFFF;border-width:1px;border-radius:12px;flex-basis:66.66%\">  \n  \n  <div class=\"\n    mailpoet_form_popup_overlay\n      \"><\/div>\n  <div\n    id=\"mailpoet_form_1\"\n    class=\"\n      mailpoet_form\n      mailpoet_form_html\n      mailpoet_form_position_\n      mailpoet_form_animation_\n    \"\n      >\n\n    <style type=\"text\/css\">\n     #mailpoet_form_1 .mailpoet_form {  }\n#mailpoet_form_1 form {  }\n#mailpoet_form_1 p.mailpoet_form_paragraph.last { margin-bottom: 10px; }\n#mailpoet_form_1 .mailpoet_column_with_background { padding: 10px; }\n#mailpoet_form_1 .mailpoet_form_column:not(:first-child) { margin-left: 20px; }\n#mailpoet_form_1 .mailpoet_paragraph { line-height: 20px; margin-bottom: 20px; }\n#mailpoet_form_1 .mailpoet_form_paragraph  last { margin-bottom: 0px; }\n#mailpoet_form_1 .mailpoet_segment_label, #mailpoet_form_1 .mailpoet_text_label, #mailpoet_form_1 .mailpoet_textarea_label, #mailpoet_form_1 .mailpoet_select_label, #mailpoet_form_1 .mailpoet_radio_label, #mailpoet_form_1 .mailpoet_checkbox_label, #mailpoet_form_1 .mailpoet_list_label, #mailpoet_form_1 .mailpoet_date_label { display: block; font-weight: normal; }\n#mailpoet_form_1 .mailpoet_text, #mailpoet_form_1 .mailpoet_textarea, #mailpoet_form_1 .mailpoet_select, #mailpoet_form_1 .mailpoet_date_month, #mailpoet_form_1 .mailpoet_date_day, #mailpoet_form_1 .mailpoet_date_year, #mailpoet_form_1 .mailpoet_date { display: block; }\n#mailpoet_form_1 .mailpoet_text, #mailpoet_form_1 .mailpoet_textarea { width: 200px; }\n#mailpoet_form_1 .mailpoet_checkbox {  }\n#mailpoet_form_1 .mailpoet_submit {  }\n#mailpoet_form_1 .mailpoet_divider {  }\n#mailpoet_form_1 .mailpoet_message {  }\n#mailpoet_form_1 .mailpoet_form_loading { width: 30px; text-align: center; line-height: normal; }\n#mailpoet_form_1 .mailpoet_form_loading > span { width: 5px; height: 5px; background-color: #5b5b5b; }\n#mailpoet_form_1 h2.mailpoet-heading { margin: 0 0 20px 0; }\n#mailpoet_form_1 h1.mailpoet-heading { margin: 0 0 10px; }#mailpoet_form_1{border-radius: 2px;text-align: left;}#mailpoet_form_1 form.mailpoet_form {padding: 30px;}#mailpoet_form_1{width: 100%;}#mailpoet_form_1 .mailpoet_message {margin: 0; padding: 0 20px;}\n        #mailpoet_form_1 .mailpoet_validate_success {color: #00d084}\n        #mailpoet_form_1 input.parsley-success {color: #00d084}\n        #mailpoet_form_1 select.parsley-success {color: #00d084}\n        #mailpoet_form_1 textarea.parsley-success {color: #00d084}\n      \n        #mailpoet_form_1 .mailpoet_validate_error {color: #cf2e2e}\n        #mailpoet_form_1 input.parsley-error {color: #cf2e2e}\n        #mailpoet_form_1 select.parsley-error {color: #cf2e2e}\n        #mailpoet_form_1 textarea.textarea.parsley-error {color: #cf2e2e}\n        #mailpoet_form_1 .parsley-errors-list {color: #cf2e2e}\n        #mailpoet_form_1 .parsley-required {color: #cf2e2e}\n        #mailpoet_form_1 .parsley-custom-error-message {color: #cf2e2e}\n      #mailpoet_form_1 .mailpoet_paragraph.last {margin-bottom: 0} @media (max-width: 500px) {#mailpoet_form_1 {background-image: none;}} @media (min-width: 500px) {#mailpoet_form_1 .last .mailpoet_paragraph:last-child {margin-bottom: 0}}  @media (max-width: 500px) {#mailpoet_form_1 .mailpoet_form_column:last-child .mailpoet_paragraph:last-child {margin-bottom: 0}} \n    <\/style>\n\n    <form\n      target=\"_self\"\n      method=\"post\"\n      action=\"https:\/\/virko-online.com\/wp-admin\/admin-post.php?action=mailpoet_subscription_form\"\n      class=\"mailpoet_form mailpoet_form_form mailpoet_form_html\"\n      novalidate\n      data-delay=\"\"\n      data-exit-intent-enabled=\"\"\n      data-font-family=\"\"\n      data-cookie-expiration-time=\"\"\n    >\n      <input type=\"hidden\" name=\"data[form_id]\" value=\"1\" \/>\n      <input type=\"hidden\" name=\"token\" value=\"3b153c7984\" \/>\n      <input type=\"hidden\" name=\"api_version\" value=\"v1\" \/>\n      <input type=\"hidden\" name=\"endpoint\" value=\"subscribers\" \/>\n      <input type=\"hidden\" name=\"mailpoet_method\" value=\"subscribe\" \/>\n\n      <label class=\"mailpoet_hp_email_label\" style=\"display: none !important;\">Bitte dieses Feld leer lassen<input type=\"email\" name=\"data[email]\"\/><\/label><h2 class=\"mailpoet-heading \" style=\"text-align: center; line-height: 1\">n\u00e4chstes kostenloses <strong>Webinar<\/strong>: <\/h2>\n<h2 class=\"mailpoet-heading  mailpoet-has-font-size\" style=\"text-align: center; font-size: 45px; line-height: 1\">&#8220;Plasma-Pavillon&#8221;<\/h2>\n<h2 class=\"mailpoet-heading \" style=\"text-align: center\">Thema: <\/h2>\n<h2 class=\"mailpoet-heading \" style=\"text-align: center\"><strong>Live-Channeling<\/strong><\/h2>\n<h2 class=\"mailpoet-heading mailpoet-heading mailpoet-has-font-size\" style=\"text-align: center; font-size: 25px; line-height: 1.5\">Freitag 24.4.2026 <img decoding=\"async\" class=\"emoji\" src=\"https:\/\/s.w.org\/images\/core\/emoji\/14.0.0\/svg\/1f5d3.svg\" alt=\"\ud83d\uddd3\ufe0f\"><br>19:00<img decoding=\"async\" class=\"emoji\" src=\"https:\/\/s.w.org\/images\/core\/emoji\/14.0.0\/svg\/231a.svg\" alt=\"\u231a\"><\/h2>\n<p class=\"mailpoet_form_paragraph  mailpoet-has-font-size\" style=\"text-align: center; font-size: 15px; line-height: 1.5\"><span style=\"font-family: Montserrat\" data-font=\"Montserrat\" class=\"mailpoet-has-font\"><strong>Trage deine Email-Adresse hier ein und du erh\u00e4ltst in K\u00fcrze <strong>eine Email, die du noch best\u00e4tigen musst!<\/strong><\/strong><\/span><\/p>\n<p class=\"mailpoet_form_paragraph  mailpoet-has-font-size\" style=\"text-align: center; font-size: 15px; line-height: 1.5\"><strong>Achtung: <span style=\"font-family: Montserrat\" data-font=\"Montserrat\" class=\"mailpoet-has-font\">Das Best\u00e4tigungsmail kann zwischen 1 min und 1 Std dauern, evtl. im Spamordner nachschauen<\/span>!<\/strong><\/p>\n<div class=\"mailpoet_paragraph \"><input type=\"email\" autocomplete=\"email\" class=\"mailpoet_text\" id=\"form_email_1\" name=\"data[form_field_OGU2MDE4ZDI5YWFlX2VtYWls]\" title=\"E-Mail-Adresse\" value=\"\" style=\"width:100%;box-sizing:border-box;background-color:#ffffff;border-style:solid;border-radius:12px !important;border-width:1px;border-color:#313131;padding:15px;margin: 0 auto 0 0;font-family:&#039;Montserrat&#039;;font-size:16px;line-height:1.5;height:auto;\" data-automation-id=\"form_email\"  placeholder=\"E-Mail-Adresse *\" aria-label=\"E-Mail-Adresse *\" data-parsley-errors-container=\".mailpoet_error_i0ukb\" data-parsley-required=\"true\" required aria-required=\"true\" data-parsley-minlength=\"6\" data-parsley-maxlength=\"150\" data-parsley-type-message=\"Dieser Wert sollte eine g\u00fcltige E-Mail-Adresse sein.\" data-parsley-required-message=\"Dieses Feld wird ben\u00f6tigt.\"\/><span class=\"mailpoet_error_i0ukb\"><\/span><\/div>\n<div class=\"mailpoet_paragraph \"><input type=\"submit\" class=\"mailpoet_submit\" value=\"Anmelden\" data-automation-id=\"subscribe-submit-button\" data-font-family='Montserrat' style=\"width:100%;box-sizing:border-box;background-color:#f4c95d;border-style:solid;border-radius:12px !important;border-width:0px;border-color:#f4c95d;padding:15px;margin: 0 auto 0 0;font-family:&#039;Montserrat&#039;;font-size:16px;line-height:1.5;height:auto;color:#000000;font-weight:bold;\" \/><span class=\"mailpoet_form_loading\"><span class=\"mailpoet_bounce1\"><\/span><span class=\"mailpoet_bounce2\"><\/span><span class=\"mailpoet_bounce3\"><\/span><\/span><\/div>\n\n      <div class=\"mailpoet_message\">\n        <p class=\"mailpoet_validate_success\"\n                style=\"display:none;\"\n                >Ich freue mich, dass du dich f\u00fcr das n\u00e4chste Plasma-Pavillon-Webinar -angemeldet hast! In K\u00fcrze erh\u00e4ltst du ein Mail, welches noch zu best\u00e4tigen ist. Dann bist du erfolgreich angemeldet und erh\u00e4ltst f\u00fcr die Veranstaltung einen Zoom-Link, der dir kurz vor dem Start (ca. 15-20min) per E-Mail zugeschickt.\n        <\/p>\n        <p class=\"mailpoet_validate_error\"\n                style=\"display:none;\"\n                >        <\/p>\n      <\/div>\n    <\/form>\n\n      <\/div>\n\n  <\/div>\n<\/div>\n<\/div>\n<\/div><\/div>\n","protected":false},"excerpt":{"rendered":"","protected":false},"author":1,"featured_media":0,"parent":0,"menu_order":20,"comment_status":"closed","ping_status":"closed","template":"","meta":{"_uag_custom_page_level_css":"","_themeisle_gutenberg_block_has_review":false,"footnotes":""},"class_list":["post-25401","page","type-page","status-publish","hentry"],"uagb_featured_image_src":{"full":false,"thumbnail":false,"medium":false,"medium_large":false,"large":false,"thumblist":false,"thumbrelated":false,"meccarouselthumb":false,"gridsquare":false,"tileview":false,"1536x1536":false,"2048x2048":false,"mailpoet_newsletter_max":false,"woocommerce_thumbnail":false,"woocommerce_single":false,"woocommerce_gallery_thumbnail":false},"uagb_author_info":{"display_name":"virko.kade@icloud.com","author_link":"https:\/\/virko-online.com\/?author=1"},"uagb_comment_info":0,"uagb_excerpt":null,"_links":{"self":[{"href":"https:\/\/virko-online.com\/index.php?rest_route=\/wp\/v2\/pages\/25401","targetHints":{"allow":["GET"]}}],"collection":[{"href":"https:\/\/virko-online.com\/index.php?rest_route=\/wp\/v2\/pages"}],"about":[{"href":"https:\/\/virko-online.com\/index.php?rest_route=\/wp\/v2\/types\/page"}],"author":[{"embeddable":true,"href":"https:\/\/virko-online.com\/index.php?rest_route=\/wp\/v2\/users\/1"}],"replies":[{"embeddable":true,"href":"https:\/\/virko-online.com\/index.php?rest_route=%2Fwp%2Fv2%2Fcomments&post=25401"}],"version-history":[{"count":28,"href":"https:\/\/virko-online.com\/index.php?rest_route=\/wp\/v2\/pages\/25401\/revisions"}],"predecessor-version":[{"id":28180,"href":"https:\/\/virko-online.com\/index.php?rest_route=\/wp\/v2\/pages\/25401\/revisions\/28180"}],"wp:attachment":[{"href":"https:\/\/virko-online.com\/index.php?rest_route=%2Fwp%2Fv2%2Fmedia&parent=25401"}],"curies":[{"name":"wp","href":"https:\/\/api.w.org\/{rel}","templated":true}]}}