{"id":26668,"date":"2023-05-31T14:35:02","date_gmt":"2023-05-31T12:35:02","guid":{"rendered":"https:\/\/virko-online.com\/?page_id=26668"},"modified":"2025-06-20T10:44:24","modified_gmt":"2025-06-20T08:44:24","slug":"impressum-2","status":"publish","type":"page","link":"https:\/\/virko-online.com\/?page_id=26668","title":{"rendered":"impressum"},"content":{"rendered":"\n<hr class=\"wp-block-separator has-text-color has-accent-2-color has-alpha-channel-opacity has-accent-2-background-color has-background is-style-wide is-style-wide--1\"\/>\n\n\n\n<h1 class=\"wp-block-heading alignwide\">Impressum<\/h1>\n\n\n\n<div class=\"wp-block-group alignwide has-medium-font-size is-layout-flow wp-block-group-is-layout-flow\">\n<p>Informationen \u00fcber den Diensteanbieter.<\/p>\n\n\n\n<p>Virko Kade<\/p>\n\n\n\n<p>Altenmarkt 66,<br>8333 Riegersburg,<br>\u00d6sterreich<\/p>\n\n\n\n<p><strong>Tel.:<\/strong> +43 676 7389538<\/p>\n\n\n\n<p><strong>Datenschutz Verantwortlicher<\/strong><br>Virko Kade<br><strong>E-Mail:<\/strong> <a href=\"mailto:info@virko-online.com\">info@virko-online.com<\/a><br><strong>Tel.:<\/strong> +43 676 7389538<br><strong>Impressum:<\/strong> <a href=\"https:\/\/virko-online.com\/\" target=\"_blank\" rel=\"noreferrer noopener\">https:\/\/virko-online.com\/<\/a>?page_id=26668<\/p>\n\n\n\n<h2 class=\"wp-block-heading\" id=\"eu-streitschlichtung\">EU-Streitschlichtung<\/h2>\n\n\n\n<p>Gem\u00e4\u00df Verordnung \u00fcber Online-Streitbeilegung in Verbraucherangelegenheiten (ODR-Verordnung) m\u00f6chten wir Sie \u00fcber die Online-Streitbeilegungsplattform (OS-Plattform) informieren.<br>Verbraucher haben die M\u00f6glichkeit, Beschwerden an die Online Streitbeilegungsplattform der Europ\u00e4ischen Kommission unter <a href=\"https:\/\/ec.europa.eu\/consumers\/odr\/main\/index.cfm?event=main.home2.show&amp;lng=DE\" target=\"_blank\" rel=\"noreferrer noopener\">https:\/\/ec.europa.eu\/consumers\/odr\/main\/index.cfm?event=main.home2.show&amp;lng=DE<\/a> zu richten. Die daf\u00fcr notwendigen Kontaktdaten finden Sie oberhalb in unserem Impressum.<\/p>\n\n\n\n<p>Wir m\u00f6chten Sie jedoch darauf hinweisen, dass wir nicht bereit oder verpflichtet sind, an Streitbeilegungsverfahren vor einer Verbraucherschlichtungsstelle teilzunehmen.<\/p>\n\n\n\n<h2 class=\"wp-block-heading\" id=\"bildernachweis\">Bildernachweis<\/h2>\n\n\n\n<p>Die Bilder, Fotos und Grafiken auf dieser Webseite sind urheberrechtlich gesch\u00fctzt.<\/p>\n\n\n\n<p><strong>Die Bilderrechte liegen bei:<\/strong><br>Privat, Pixabay<\/p>\n\n\n\n<h2 class=\"wp-block-heading\" id=\"onlineauftritte\">Weitere Onlineauftritte<\/h2>\n\n\n\n<p><strong>Dieses Impressum gilt auch f\u00fcr<\/strong><br>alle verlinkten Social-Media-Auftritte<\/p>\n\n\n\n<p>Alle Texte sind urheberrechtlich gesch\u00fctzt.<\/p>\n\n\n\n<p>Quelle: Erstellt mit dem <a href=\"https:\/\/www.adsimple.at\/impressum-generator\/\">Impressum Generator<\/a> von AdSimple<\/p>\n<\/div>\n\n\n\n<hr class=\"wp-block-separator has-text-color has-accent-2-color has-alpha-channel-opacity has-accent-2-background-color has-background is-style-wide is-style-wide--2\"\/>\n","protected":false},"excerpt":{"rendered":"<p>Impressum Informationen \u00fcber den Diensteanbieter. Virko Kade Altenmarkt 66,8333 Riegersburg,\u00d6sterreich Tel.: +43 676 7389538 Datenschutz VerantwortlicherVirko KadeE-Mail: info@virko-online.comTel.: +43 676 7389538Impressum: https:\/\/virko-online.com\/?page_id=26668 EU-Streitschlichtung Gem\u00e4\u00df Verordnung \u00fcber Online-Streitbeilegung in Verbraucherangelegenheiten (ODR-Verordnung) m\u00f6chten wir Sie \u00fcber die Online-Streitbeilegungsplattform (OS-Plattform) informieren.Verbraucher haben die M\u00f6glichkeit, Beschwerden an die Online Streitbeilegungsplattform der Europ\u00e4ischen Kommission unter https:\/\/ec.europa.eu\/consumers\/odr\/main\/index.cfm?event=main.home2.show&amp;lng=DE zu richten. Die daf\u00fcr [&hellip;]<\/p>\n","protected":false},"author":1,"featured_media":0,"parent":0,"menu_order":0,"comment_status":"closed","ping_status":"closed","template":"","meta":{"_uag_custom_page_level_css":"","_themeisle_gutenberg_block_has_review":false,"footnotes":""},"class_list":["post-26668","page","type-page","status-publish","hentry"],"uagb_featured_image_src":{"full":false,"thumbnail":false,"medium":false,"medium_large":false,"large":false,"thumblist":false,"thumbrelated":false,"meccarouselthumb":false,"gridsquare":false,"tileview":false,"1536x1536":false,"2048x2048":false,"mailpoet_newsletter_max":false,"woocommerce_thumbnail":false,"woocommerce_single":false,"woocommerce_gallery_thumbnail":false},"uagb_author_info":{"display_name":"virko.kade@icloud.com","author_link":"https:\/\/virko-online.com\/?author=1"},"uagb_comment_info":0,"uagb_excerpt":"Impressum Informationen \u00fcber den Diensteanbieter. Virko Kade Altenmarkt 66,8333 Riegersburg,\u00d6sterreich Tel.: +43 676 7389538 Datenschutz VerantwortlicherVirko KadeE-Mail: info@virko-online.comTel.: +43 676 7389538Impressum: https:\/\/virko-online.com\/?page_id=26668 EU-Streitschlichtung Gem\u00e4\u00df Verordnung \u00fcber Online-Streitbeilegung in Verbraucherangelegenheiten (ODR-Verordnung) m\u00f6chten wir Sie \u00fcber die Online-Streitbeilegungsplattform (OS-Plattform) informieren.Verbraucher haben die M\u00f6glichkeit, Beschwerden an die Online Streitbeilegungsplattform der Europ\u00e4ischen Kommission unter https:\/\/ec.europa.eu\/consumers\/odr\/main\/index.cfm?event=main.home2.show&amp;lng=DE zu richten. Die daf\u00fcr&hellip;","_links":{"self":[{"href":"https:\/\/virko-online.com\/index.php?rest_route=\/wp\/v2\/pages\/26668","targetHints":{"allow":["GET"]}}],"collection":[{"href":"https:\/\/virko-online.com\/index.php?rest_route=\/wp\/v2\/pages"}],"about":[{"href":"https:\/\/virko-online.com\/index.php?rest_route=\/wp\/v2\/types\/page"}],"author":[{"embeddable":true,"href":"https:\/\/virko-online.com\/index.php?rest_route=\/wp\/v2\/users\/1"}],"replies":[{"embeddable":true,"href":"https:\/\/virko-online.com\/index.php?rest_route=%2Fwp%2Fv2%2Fcomments&post=26668"}],"version-history":[{"count":9,"href":"https:\/\/virko-online.com\/index.php?rest_route=\/wp\/v2\/pages\/26668\/revisions"}],"predecessor-version":[{"id":28148,"href":"https:\/\/virko-online.com\/index.php?rest_route=\/wp\/v2\/pages\/26668\/revisions\/28148"}],"wp:attachment":[{"href":"https:\/\/virko-online.com\/index.php?rest_route=%2Fwp%2Fv2%2Fmedia&parent=26668"}],"curies":[{"name":"wp","href":"https:\/\/api.w.org\/{rel}","templated":true}]}}