{"id":27164,"date":"2023-11-16T11:16:09","date_gmt":"2023-11-16T10:16:09","guid":{"rendered":"https:\/\/virko-online.com\/?page_id=27164"},"modified":"2025-06-27T11:16:03","modified_gmt":"2025-06-27T09:16:03","slug":"spenden","status":"publish","type":"page","link":"https:\/\/virko-online.com\/?page_id=27164","title":{"rendered":"Spenden"},"content":{"rendered":"\n<div class=\"wp-block-cover alignfull has-parallax\" style=\"margin-top:0;margin-bottom:0;padding-top:var(--wp--preset--spacing--80);padding-right:var(--wp--preset--spacing--60);padding-bottom:var(--wp--preset--spacing--80);padding-left:var(--wp--preset--spacing--60)\"><div class=\"wp-block-cover__image-background wp-image-23 size-large has-parallax\" style=\"background-position:50% 50%;background-image:url(https:\/\/virko-online.com\/wp-content\/uploads\/2023\/03\/Hintergrund-1024x617.jpg)\"><\/div><span aria-hidden=\"true\" class=\"wp-block-cover__background has-background-dim\"><\/span><div class=\"wp-block-cover__inner-container has-global-padding is-layout-constrained wp-container-core-cover-is-layout-ba520a6b wp-block-cover-is-layout-constrained\">\n<div class=\"wp-block-group has-contrast-color has-base-background-color has-text-color has-background has-link-color wp-elements-0a4e147e05492c7dce3838b738a247fe has-global-padding is-layout-constrained wp-container-core-group-is-layout-f611be13 wp-block-group-is-layout-constrained\" style=\"border-radius:12px;padding-top:var(--wp--preset--spacing--50);padding-right:var(--wp--preset--spacing--50);padding-bottom:var(--wp--preset--spacing--50);padding-left:var(--wp--preset--spacing--50)\">\n<p>Hallo! <\/p>\n\n\n\n<p>Du bist hier gelandet weil du entweder meine Arbeit allgemein unterst\u00fctzen m\u00f6chtest oder speziell die Arbeit mit den Dryden! In beiden F\u00e4llen bitte bei Verwendungszweck NUR Spende eintragen. Wenn die \u00dcberweisen von einem Konto kommt welches nicht auf deinen Namen lautet, dann bitte &#8220;Spende von &#8230;.&#8221; schreiben.<\/p>\n\n\n\n<p>Am Besten und einfachsten verwendest du dein PayPal-Konto zum \u00dcberweisen. Klicke innerhalb von PayPal auf die Option &#8220;an einen Freund senden&#8221;!<\/p>\n\n\n\n<div class=\"wp-block-uagb-image aligncenter uagb-block-3193ae7c wp-block-uagb-image--layout-default wp-block-uagb-image--effect-static wp-block-uagb-image--align-center\"><figure class=\"wp-block-uagb-image__figure\"><a class=\"\" href=\"https:\/\/paypal.me\/VirkoKade?country.x=AT&amp;locale.x=de_DE\" target=\"_blank\" rel=\"noreferrer noopener\"><img decoding=\"async\" srcset=\"https:\/\/virko-online.com\/wp-content\/uploads\/2025\/06\/PayPal.png ,https:\/\/virko-online.com\/wp-content\/uploads\/2025\/06\/PayPal.png 780w, https:\/\/virko-online.com\/wp-content\/uploads\/2025\/06\/PayPal.png 360w\" sizes=\"auto, (max-width: 799px) 200vw, (max-width: 1548px) 100vw, 1548px\" src=\"https:\/\/virko-online.com\/wp-content\/uploads\/2025\/06\/PayPal.png\" alt=\"\" class=\"uag-image-28054\" width=\"250\" height=\"136\" title=\"PayPal\" loading=\"lazy\" role=\"img\"\/><\/a><\/figure><\/div>\n\n\n\n<p><strong>Du kannst mir auch per Bank\u00fcberweisung Geld zukommen lassen:<\/strong><\/p>\n\n\n\n<p><strong>IBAN:<\/strong> AT82 2081 5000 4548 5646 <strong>BIC:<\/strong> STSPAT2GXXX<\/p>\n\n\n\n<p>Steierm\u00e4rkische Sparkasse   <strong>Verwendungszweck:<\/strong> Spende<\/p>\n<\/div>\n<\/div><\/div>\n","protected":false},"excerpt":{"rendered":"","protected":false},"author":1,"featured_media":0,"parent":0,"menu_order":300,"comment_status":"closed","ping_status":"closed","template":"","meta":{"_uag_custom_page_level_css":"","_themeisle_gutenberg_block_has_review":false,"footnotes":""},"class_list":["post-27164","page","type-page","status-publish","hentry"],"uagb_featured_image_src":{"full":false,"thumbnail":false,"medium":false,"medium_large":false,"large":false,"thumblist":false,"thumbrelated":false,"meccarouselthumb":false,"gridsquare":false,"tileview":false,"1536x1536":false,"2048x2048":false,"mailpoet_newsletter_max":false,"woocommerce_thumbnail":false,"woocommerce_single":false,"woocommerce_gallery_thumbnail":false},"uagb_author_info":{"display_name":"virko.kade@icloud.com","author_link":"https:\/\/virko-online.com\/?author=1"},"uagb_comment_info":0,"uagb_excerpt":null,"_links":{"self":[{"href":"https:\/\/virko-online.com\/index.php?rest_route=\/wp\/v2\/pages\/27164","targetHints":{"allow":["GET"]}}],"collection":[{"href":"https:\/\/virko-online.com\/index.php?rest_route=\/wp\/v2\/pages"}],"about":[{"href":"https:\/\/virko-online.com\/index.php?rest_route=\/wp\/v2\/types\/page"}],"author":[{"embeddable":true,"href":"https:\/\/virko-online.com\/index.php?rest_route=\/wp\/v2\/users\/1"}],"replies":[{"embeddable":true,"href":"https:\/\/virko-online.com\/index.php?rest_route=%2Fwp%2Fv2%2Fcomments&post=27164"}],"version-history":[{"count":20,"href":"https:\/\/virko-online.com\/index.php?rest_route=\/wp\/v2\/pages\/27164\/revisions"}],"predecessor-version":[{"id":28205,"href":"https:\/\/virko-online.com\/index.php?rest_route=\/wp\/v2\/pages\/27164\/revisions\/28205"}],"wp:attachment":[{"href":"https:\/\/virko-online.com\/index.php?rest_route=%2Fwp%2Fv2%2Fmedia&parent=27164"}],"curies":[{"name":"wp","href":"https:\/\/api.w.org\/{rel}","templated":true}]}}